{"id":33,"date":"2017-12-14T01:33:35","date_gmt":"2017-12-14T01:33:35","guid":{"rendered":"https:\/\/demoapus2.com\/entaro\/?page_id=33"},"modified":"2023-06-13T19:18:03","modified_gmt":"2023-06-13T19:18:03","slug":"contact-us","status":"publish","type":"page","link":"https:\/\/punetirana.com\/en\/contact-us\/","title":{"rendered":"Na Kontaktoni"},"content":{"rendered":"<div class=\"wpb-content-wrapper\"><div class=\"vc_row wpb_row vc_row-fluid\"><div class=\"wpb_column vc_column_container vc_col-sm-12\"><div class=\"vc_column-inner\"><div class=\"wpb_wrapper\"><div class=\"vc_row wpb_row vc_inner vc_row-fluid\"><div class=\"wpb_column vc_column_container vc_col-sm-8\"><div class=\"vc_column-inner\"><div class=\"wpb_wrapper\">\n<div class=\"wpcf7 no-js\" id=\"wpcf7-f55-o1\" lang=\"en-US\" dir=\"ltr\" data-wpcf7-id=\"55\">\n<div class=\"screen-reader-response\"><p role=\"status\" aria-live=\"polite\" aria-atomic=\"true\"><\/p> <ul><\/ul><\/div>\n<form action=\"\/en\/wp-json\/wp\/v2\/pages\/33#wpcf7-f55-o1\" method=\"post\" class=\"wpcf7-form init\" aria-label=\"Contact form\" novalidate=\"novalidate\" data-status=\"init\">\n<fieldset class=\"hidden-fields-container\"><input type=\"hidden\" name=\"_wpcf7\" value=\"55\" \/><input type=\"hidden\" name=\"_wpcf7_version\" value=\"6.1.5\" \/><input type=\"hidden\" name=\"_wpcf7_locale\" value=\"en_US\" \/><input type=\"hidden\" name=\"_wpcf7_unit_tag\" value=\"wpcf7-f55-o1\" \/><input type=\"hidden\" name=\"_wpcf7_container_post\" value=\"0\" \/><input type=\"hidden\" name=\"_wpcf7_posted_data_hash\" value=\"\" \/>\n<\/fieldset>\n<div class=\"widget widget-contact\">\n\t<h3 class=\"widget-title\">Na Shkruani\n\t<\/h3>\n\t<div class=\"widget-content\">\n\t\t<div class=\"row\">\n\t\t\t<div class=\"col-sm-6\">\n\t\t\t\t<div class=\"author\">\n\t\t\t\t\t<p><span class=\"wpcf7-form-control-wrap\" data-name=\"your-name\"><input size=\"40\" maxlength=\"400\" class=\"wpcf7-form-control wpcf7-text wpcf7-validates-as-required form-control\" aria-required=\"true\" aria-invalid=\"false\" placeholder=\"Emri*\" value=\"\" type=\"text\" name=\"your-name\" \/><\/span>\n\t\t\t\t\t<\/p>\n\t\t\t\t<\/div>\n\t\t\t<\/div>\n\t\t\t<div class=\"col-sm-6\">\n\t\t\t\t<div class=\"email\">\n\t\t\t\t\t<p><span class=\"wpcf7-form-control-wrap\" data-name=\"your-email\"><input size=\"40\" maxlength=\"400\" class=\"wpcf7-form-control wpcf7-email wpcf7-validates-as-required wpcf7-text wpcf7-validates-as-email form-control\" aria-required=\"true\" aria-invalid=\"false\" placeholder=\"Email *\" value=\"\" type=\"email\" name=\"your-email\" \/><\/span>\n\t\t\t\t\t<\/p>\n\t\t\t\t<\/div>\n\t\t\t<\/div>\n\t\t<\/div>\n\t\t<div class=\"subject\">\n\t\t\t<p><span class=\"wpcf7-form-control-wrap\" data-name=\"your-subject\"><input size=\"40\" maxlength=\"400\" class=\"wpcf7-form-control wpcf7-text form-control\" aria-invalid=\"false\" placeholder=\"Subjekti\" value=\"\" type=\"text\" name=\"your-subject\" \/><\/span>\n\t\t\t<\/p>\n\t\t<\/div>\n\t\t<p><span class=\"wpcf7-form-control-wrap\" data-name=\"your-message\"><textarea cols=\"40\" rows=\"10\" maxlength=\"2000\" class=\"wpcf7-form-control wpcf7-textarea wpcf7-validates-as-required form-control\" aria-required=\"true\" aria-invalid=\"false\" placeholder=\"Shkruani Mesazhin\" name=\"your-message\"><\/textarea><\/span><input class=\"wpcf7-form-control wpcf7-submit has-spinner btn btn-second\" type=\"submit\" value=\"D\u00ebrgo\" \/>\n\t\t<\/p>\n\t<\/div>\n<\/div><div class=\"wpcf7-response-output\" aria-hidden=\"true\"><\/div>\n<\/form>\n<\/div>\n<\/div><\/div><\/div><div class=\"wpb_column vc_column_container vc_col-sm-4\"><div class=\"vc_column-inner\"><div class=\"wpb_wrapper\"><div class=\"vc_empty_space  hidden-sm hidden-xs\"   style=\"height: 83px\"><span class=\"vc_empty_space_inner\"><\/span><\/div><div class=\"widget widget-contact-info \" >\n            <h3 class=\"widget-title\">\n            <span>Kontakt<\/span>\n        <\/h3>\n        <div class=\"content\">\n\t    \t    \t<div class=\"info\">\n\t\t    \t\t\t\t\t    <div class=\"info-item\">\n\t\t\t\t    \t\t\t\t\t            <div class=\"icon\"> <i class=\"fa fa-map\"><\/i> <\/div>  \n\t\t\t\t        \t\t\t\t    \t\t\t\t\t            <div class=\"des\">Adresa 1: Pran\u00eb Prokuroris\u00eb, Rruga Mine Peza, Tiran\u00eb<\/div>  \n\t\t\t\t        \t\t\t\t    <\/div>\n\t\t\t    \t\t\t\t    <div class=\"info-item\">\n\t\t\t\t    \t\t\t\t\t            <div class=\"icon\"> <i class=\"fa fa-map\"><\/i> <\/div>  \n\t\t\t\t        \t\t\t\t    \t\t\t\t\t            <div class=\"des\">Adresa 2: Bulevardi \"Gjergj Fishta\", pran\u00eb Gjykat\u00ebs, Tiran\u00eb<\/div>  \n\t\t\t\t        \t\t\t\t    <\/div>\n\t\t\t    \t\t\t\t    <div class=\"info-item\">\n\t\t\t\t    \t\t\t\t\t            <div class=\"icon\"> <i class=\"fa fa-envelope\"><\/i> <\/div>  \n\t\t\t\t        \t\t\t\t    \t\t\t\t\t            <div class=\"des\">info@punetirana.al<\/div>  \n\t\t\t\t        \t\t\t\t    <\/div>\n\t\t\t    \t\t\t\t    <div class=\"info-item\">\n\t\t\t\t    \t\t\t\t\t            <div class=\"icon\"> <i class=\"fa fa-phone\"><\/i> <\/div>  \n\t\t\t\t        \t\t\t\t    \t\t\t\t\t            <div class=\"des\">+355 69 66 30 282<\/div>  \n\t\t\t\t        \t\t\t\t    <\/div>\n\t\t\t    \t\t    <\/div>\n\t\t\t   \t\t    \t<div class=\"socials\">\n\t\t    \t\t\t\t    \t\t\t\t            <a class=\"icon\" href=\"#\"> <i class=\"fa fa-facebook\"><\/i> <\/a>  \n\t\t\t        \t\t\t    \t\t\t    \t\t\t\t            <a class=\"icon\" href=\"https:\/\/www.instagram.com\/punetirana\/\"> <i class=\"fa fa-instagram\"><\/i> <\/a>  \n\t\t\t        \t\t\t    \t\t    <\/div>\n\t\t\t<\/div>\n<\/div><\/div><\/div><\/div><\/div><div class=\"vc_empty_space\"   style=\"height: 30px\"><span class=\"vc_empty_space_inner\"><\/span><\/div><div class=\"vc_empty_space  hidden-sm hidden-xs\"   style=\"height: 30px\"><span class=\"vc_empty_space_inner\"><\/span><\/div><\/div><\/div><\/div><\/div><div data-vc-full-width=\"true\" data-vc-full-width-temp=\"true\" data-vc-full-width-init=\"false\" data-vc-stretch-content=\"true\" class=\"vc_row wpb_row vc_row-fluid vc_row-no-padding\"><div class=\"wpb_column vc_column_container vc_col-sm-6\"><div class=\"vc_column-inner vc_custom_1686683686074\"><div class=\"wpb_wrapper\">\t<div class=\"widget-googlemap \">\r\n\t\t<div class=\"widget-content\">\r\n\t\t\t<div id=\"apus_gmap_canvas_Z9nMv\" class=\"map_canvas apus-google-map\" style=\"width:100%; height:630px;\" data-lat=\"41.3358966\" data-lng=\"19.8118156\" data-zoom=\"13\"\r\n\t\t\t\tdata-marker_icon=\"https:\/\/punetirana.com\/wp-content\/uploads\/2017\/12\/map.png\" data-style=\"[{&quot;featureType&quot;:&quot;administrative.locality&quot;,&quot;elementType&quot;:&quot;all&quot;,&quot;stylers&quot;:[{&quot;hue&quot;:&quot;#2c2e33&quot;},{&quot;saturation&quot;:7},{&quot;lightness&quot;:19},{&quot;visibility&quot;:&quot;on&quot;}]},{&quot;featureType&quot;:&quot;landscape&quot;,&quot;elementType&quot;:&quot;all&quot;,&quot;stylers&quot;:[{&quot;hue&quot;:&quot;#ffffff&quot;},{&quot;saturation&quot;:-100},{&quot;lightness&quot;:100},{&quot;visibility&quot;:&quot;simplified&quot;}]},{&quot;featureType&quot;:&quot;poi&quot;,&quot;elementType&quot;:&quot;all&quot;,&quot;stylers&quot;:[{&quot;hue&quot;:&quot;#ffffff&quot;},{&quot;saturation&quot;:-100},{&quot;lightness&quot;:100},{&quot;visibility&quot;:&quot;off&quot;}]},{&quot;featureType&quot;:&quot;road&quot;,&quot;elementType&quot;:&quot;geometry&quot;,&quot;stylers&quot;:[{&quot;hue&quot;:&quot;#bbc0c4&quot;},{&quot;saturation&quot;:-93},{&quot;lightness&quot;:31},{&quot;visibility&quot;:&quot;simplified&quot;}]},{&quot;featureType&quot;:&quot;road&quot;,&quot;elementType&quot;:&quot;labels&quot;,&quot;stylers&quot;:[{&quot;hue&quot;:&quot;#bbc0c4&quot;},{&quot;saturation&quot;:-93},{&quot;lightness&quot;:31},{&quot;visibility&quot;:&quot;on&quot;}]},{&quot;featureType&quot;:&quot;road.arterial&quot;,&quot;elementType&quot;:&quot;labels&quot;,&quot;stylers&quot;:[{&quot;hue&quot;:&quot;#bbc0c4&quot;},{&quot;saturation&quot;:-93},{&quot;lightness&quot;:-2},{&quot;visibility&quot;:&quot;simplified&quot;}]},{&quot;featureType&quot;:&quot;road.local&quot;,&quot;elementType&quot;:&quot;geometry&quot;,&quot;stylers&quot;:[{&quot;hue&quot;:&quot;#e9ebed&quot;},{&quot;saturation&quot;:-90},{&quot;lightness&quot;:-8},{&quot;visibility&quot;:&quot;simplified&quot;}]},{&quot;featureType&quot;:&quot;transit&quot;,&quot;elementType&quot;:&quot;all&quot;,&quot;stylers&quot;:[{&quot;hue&quot;:&quot;#e9ebed&quot;},{&quot;saturation&quot;:10},{&quot;lightness&quot;:69},{&quot;visibility&quot;:&quot;on&quot;}]},{&quot;featureType&quot;:&quot;water&quot;,&quot;elementType&quot;:&quot;all&quot;,&quot;stylers&quot;:[{&quot;hue&quot;:&quot;#e9ebed&quot;},{&quot;saturation&quot;:-78},{&quot;lightness&quot;:67},{&quot;visibility&quot;:&quot;simplified&quot;}]}]\">\r\n\t\t\t<\/div>\r\n\t\t\t\t\t     \t\t<\/div>\r\n\t<\/div>\r\n<\/div><\/div><\/div><div class=\"wpb_column vc_column_container vc_col-sm-6\"><div class=\"vc_column-inner\"><div class=\"wpb_wrapper\">\t<div class=\"widget-googlemap \">\r\n\t\t<div class=\"widget-content\">\r\n\t\t\t<div id=\"apus_gmap_canvas_NDk7x\" class=\"map_canvas apus-google-map\" style=\"width:100%; height:630px;\" data-lat=\"41.322648\" data-lng=\"19.808232\" data-zoom=\"13\"\r\n\t\t\t\tdata-marker_icon=\"https:\/\/punetirana.com\/wp-content\/uploads\/2017\/12\/map.png\" data-style=\"[{&quot;featureType&quot;:&quot;administrative.locality&quot;,&quot;elementType&quot;:&quot;all&quot;,&quot;stylers&quot;:[{&quot;hue&quot;:&quot;#2c2e33&quot;},{&quot;saturation&quot;:7},{&quot;lightness&quot;:19},{&quot;visibility&quot;:&quot;on&quot;}]},{&quot;featureType&quot;:&quot;landscape&quot;,&quot;elementType&quot;:&quot;all&quot;,&quot;stylers&quot;:[{&quot;hue&quot;:&quot;#ffffff&quot;},{&quot;saturation&quot;:-100},{&quot;lightness&quot;:100},{&quot;visibility&quot;:&quot;simplified&quot;}]},{&quot;featureType&quot;:&quot;poi&quot;,&quot;elementType&quot;:&quot;all&quot;,&quot;stylers&quot;:[{&quot;hue&quot;:&quot;#ffffff&quot;},{&quot;saturation&quot;:-100},{&quot;lightness&quot;:100},{&quot;visibility&quot;:&quot;off&quot;}]},{&quot;featureType&quot;:&quot;road&quot;,&quot;elementType&quot;:&quot;geometry&quot;,&quot;stylers&quot;:[{&quot;hue&quot;:&quot;#bbc0c4&quot;},{&quot;saturation&quot;:-93},{&quot;lightness&quot;:31},{&quot;visibility&quot;:&quot;simplified&quot;}]},{&quot;featureType&quot;:&quot;road&quot;,&quot;elementType&quot;:&quot;labels&quot;,&quot;stylers&quot;:[{&quot;hue&quot;:&quot;#bbc0c4&quot;},{&quot;saturation&quot;:-93},{&quot;lightness&quot;:31},{&quot;visibility&quot;:&quot;on&quot;}]},{&quot;featureType&quot;:&quot;road.arterial&quot;,&quot;elementType&quot;:&quot;labels&quot;,&quot;stylers&quot;:[{&quot;hue&quot;:&quot;#bbc0c4&quot;},{&quot;saturation&quot;:-93},{&quot;lightness&quot;:-2},{&quot;visibility&quot;:&quot;simplified&quot;}]},{&quot;featureType&quot;:&quot;road.local&quot;,&quot;elementType&quot;:&quot;geometry&quot;,&quot;stylers&quot;:[{&quot;hue&quot;:&quot;#e9ebed&quot;},{&quot;saturation&quot;:-90},{&quot;lightness&quot;:-8},{&quot;visibility&quot;:&quot;simplified&quot;}]},{&quot;featureType&quot;:&quot;transit&quot;,&quot;elementType&quot;:&quot;all&quot;,&quot;stylers&quot;:[{&quot;hue&quot;:&quot;#e9ebed&quot;},{&quot;saturation&quot;:10},{&quot;lightness&quot;:69},{&quot;visibility&quot;:&quot;on&quot;}]},{&quot;featureType&quot;:&quot;water&quot;,&quot;elementType&quot;:&quot;all&quot;,&quot;stylers&quot;:[{&quot;hue&quot;:&quot;#e9ebed&quot;},{&quot;saturation&quot;:-78},{&quot;lightness&quot;:67},{&quot;visibility&quot;:&quot;simplified&quot;}]}]\">\r\n\t\t\t<\/div>\r\n\t\t\t\t\t     \t\t<\/div>\r\n\t<\/div>\r\n<\/div><\/div><\/div><\/div><div class=\"vc_row-full-width vc_clearfix\"><\/div>\n<\/div>","protected":false},"excerpt":{"rendered":"Na Shkruani Kontakt Adresa 1: Pran\u00eb Prokuroris\u00eb, Rruga Mine Peza, Tiran\u00eb Adresa 2: Bulevardi \"Gjergj Fishta\", pran\u00eb Gjykat\u00ebs, Tiran\u00eb info@punetirana.al +355 69 66 30 282","protected":false},"author":1,"featured_media":0,"parent":0,"menu_order":0,"comment_status":"closed","ping_status":"closed","template":"","meta":{"footnotes":""},"class_list":["post-33","page","type-page","status-publish","hentry"],"_links":{"self":[{"href":"https:\/\/punetirana.com\/en\/wp-json\/wp\/v2\/pages\/33","targetHints":{"allow":["GET"]}}],"collection":[{"href":"https:\/\/punetirana.com\/en\/wp-json\/wp\/v2\/pages"}],"about":[{"href":"https:\/\/punetirana.com\/en\/wp-json\/wp\/v2\/types\/page"}],"author":[{"embeddable":true,"href":"https:\/\/punetirana.com\/en\/wp-json\/wp\/v2\/users\/1"}],"replies":[{"embeddable":true,"href":"https:\/\/punetirana.com\/en\/wp-json\/wp\/v2\/comments?post=33"}],"version-history":[{"count":10,"href":"https:\/\/punetirana.com\/en\/wp-json\/wp\/v2\/pages\/33\/revisions"}],"predecessor-version":[{"id":2355,"href":"https:\/\/punetirana.com\/en\/wp-json\/wp\/v2\/pages\/33\/revisions\/2355"}],"wp:attachment":[{"href":"https:\/\/punetirana.com\/en\/wp-json\/wp\/v2\/media?parent=33"}],"curies":[{"name":"wp","href":"https:\/\/api.w.org\/{rel}","templated":true}]}}